{"id":6,"date":"2022-02-27T16:00:24","date_gmt":"2022-02-27T16:00:24","guid":{"rendered":"http:\/\/montadordemoveisestacao-com-br.umbler.net\/?page_id=6"},"modified":"2025-06-23T01:22:13","modified_gmt":"2025-06-23T01:22:13","slug":"beautiful-portfolios-for-exceptional-creatives","status":"publish","type":"page","link":"https:\/\/montadordemoveisregiao.com.br\/","title":{"rendered":"(13) 99707-0168, (11) 91125-0357 e (12) 99676-8358"},"content":{"rendered":"\n<div class=\"wp-block-group\"><div class=\"wp-block-group__inner-container is-layout-flow wp-block-group-is-layout-flow\">\n<p class=\"has-text-align-center\"><meta charset=\"utf-8\"><\/p>\n\n\n\n<p>Atendemos toda regi\u00e3o Metropolitana e outros Munic\u00edpios de S\u00e3o Paulo. Dispon\u00edvel a atender nossos clientes a qualquer momento, de acordo com suas necessidades e acima de tudo com um servi\u00e7o de qualidade.<br>Fazemos montagem e desmontagem de quiosque em shopping e supermercados<br>Fazemos montagem de m\u00f3veis das marcas abaixo<\/p>\n\n\n\n<p>M\u00f3veis Kappesberg, M\u00f3veis Santos Andir\u00e1, M\u00f3veis Henn, M\u00f3veis Conquista M\u00f3veis, M\u00f3veis Rufato, M\u00f3veis Novo Horizonte, M\u00f3veis Nesher, M\u00f3veis Cimol, M\u00f3veis Tecno Mobili, M\u00f3veis Carraro<br>M\u00f3veis Ronipa, M\u00f3veis Dem\u00f3bile, M\u00f3veis Lopas, M\u00f3veis DJ M\u00f3veis, M\u00f3veis Bertolini, M\u00f3veis Perm\u00f3bili<br>M\u00f3veis Europa, M\u00f3veis Simbal, M\u00f3veis Telasul, M\u00f3veis MGM M\u00f3veis, M\u00f3veis Peroba, M\u00f3veis Bianchi<br>M\u00f3veis Tcil, M\u00f3veis Panan, M\u00f3veis Politorno, M\u00f3veis Caemmun, M\u00f3veis Movelbento<br>M\u00f3veis Valdem\u00f3veis, M\u00f3veis Nicioli, M\u00f3veis Itatiaia, M\u00f3veis Linea Brasil, M\u00f3veis Montano. M\u00f3veis Pozza, M\u00f3veis Perm\u00f3bili Baby, M\u00f3veis Art In M\u00f3veis, M\u00f3veis S.E. Movelaria, M\u00f3veis Sall\u00eato, M\u00f3veis Multim\u00f3veis, M\u00f3veis Castro, M\u00f3veis Rufalo, Moveis Casa Verde, Moveis Mobly, Moveis Rudnick, Moveis Madeira Madeira, Moveis Casavee, M\u00f3veis ACP M\u00f3veis, M\u00f3veis Genialflex, M\u00f3veis BRV M\u00f3veis, M\u00f3veis Primoart<\/p>\n\n\n<div class=\"wp-block-image\">\n<figure class=\"aligncenter size-large\"><img loading=\"lazy\" decoding=\"async\" width=\"768\" height=\"1024\" src=\"https:\/\/montadordemoveisregiao.com.br\/wp-content\/uploads\/capa02-768x1024.jpg\" alt=\"\" class=\"wp-image-1939\" srcset=\"https:\/\/montadordemoveisregiao.com.br\/wp-content\/uploads\/capa02-768x1024.jpg 768w, https:\/\/montadordemoveisregiao.com.br\/wp-content\/uploads\/capa02-225x300.jpg 225w, https:\/\/montadordemoveisregiao.com.br\/wp-content\/uploads\/capa02-113x150.jpg 113w, https:\/\/montadordemoveisregiao.com.br\/wp-content\/uploads\/capa02.jpg 960w\" sizes=\"auto, (max-width: 768px) 100vw, 768px\" \/><\/figure>\n<\/div><\/div><\/div>\n\n\n\n<div class=\"wp-block-group alignfull has-background\" style=\"background-color:#e5e9ec\"><div class=\"wp-block-group__inner-container is-layout-flow wp-block-group-is-layout-flow\">\n<div class=\"wp-block-columns is-layout-flex wp-container-core-columns-is-layout-9d6595d7 wp-block-columns-is-layout-flex\">\n<div class=\"wp-block-column is-vertically-aligned-center is-layout-flow wp-block-column-is-layout-flow\">\n<h2 class=\"wp-block-heading\">Sobre n\u00f3s<\/h2>\n\n\n\n<p>Atuamos h\u00e1 mais de 20 anos no mercado, atendendo sempre com muita qualidade, compromisso e pontualidade.<\/p>\n<\/div>\n\n\n\n<div class=\"wp-block-column is-layout-flow wp-block-column-is-layout-flow\">\n<div style=\"height:63px\" aria-hidden=\"true\" class=\"wp-block-spacer\"><\/div>\n\n\n\n<figure class=\"wp-block-image size-large\"><img loading=\"lazy\" decoding=\"async\" width=\"1024\" height=\"684\" src=\"https:\/\/montadordemoveisregiao.com.br\/wp-content\/uploads\/2022\/09\/ferramentas-2-min-1024x684.jpg\" alt=\"\" class=\"wp-image-655\" srcset=\"https:\/\/montadordemoveisregiao.com.br\/wp-content\/uploads\/2022\/09\/ferramentas-2-min-1024x684.jpg 1024w, https:\/\/montadordemoveisregiao.com.br\/wp-content\/uploads\/2022\/09\/ferramentas-2-min-300x200.jpg 300w, https:\/\/montadordemoveisregiao.com.br\/wp-content\/uploads\/2022\/09\/ferramentas-2-min-768x513.jpg 768w, https:\/\/montadordemoveisregiao.com.br\/wp-content\/uploads\/2022\/09\/ferramentas-2-min-1536x1026.jpg 1536w, https:\/\/montadordemoveisregiao.com.br\/wp-content\/uploads\/2022\/09\/ferramentas-2-min-2048x1368.jpg 2048w, https:\/\/montadordemoveisregiao.com.br\/wp-content\/uploads\/2022\/09\/ferramentas-2-min-2000x1336.jpg 2000w\" sizes=\"auto, (max-width: 1024px) 100vw, 1024px\" \/><\/figure>\n<\/div>\n<\/div>\n<\/div><\/div>\n\n\n\n<div class=\"wp-block-group alignfull\"><div class=\"wp-block-group__inner-container is-layout-flow wp-block-group-is-layout-flow\">\n<div class=\"wp-block-columns are-vertically-aligned-center is-layout-flex wp-container-core-columns-is-layout-9d6595d7 wp-block-columns-is-layout-flex\">\n<div class=\"wp-block-column is-vertically-aligned-center is-layout-flow wp-block-column-is-layout-flow\">\n<div style=\"height:100px\" aria-hidden=\"true\" class=\"wp-block-spacer\"><\/div>\n\n\n\n<figure class=\"wp-block-image size-large\"><img loading=\"lazy\" decoding=\"async\" width=\"1024\" height=\"631\" src=\"https:\/\/montadordemoveisregiao.com.br\/wp-content\/uploads\/2022\/09\/ferramentas-min-1024x631.jpg\" alt=\"\" class=\"wp-image-656\" srcset=\"https:\/\/montadordemoveisregiao.com.br\/wp-content\/uploads\/2022\/09\/ferramentas-min-1024x631.jpg 1024w, https:\/\/montadordemoveisregiao.com.br\/wp-content\/uploads\/2022\/09\/ferramentas-min-300x185.jpg 300w, https:\/\/montadordemoveisregiao.com.br\/wp-content\/uploads\/2022\/09\/ferramentas-min-768x473.jpg 768w, https:\/\/montadordemoveisregiao.com.br\/wp-content\/uploads\/2022\/09\/ferramentas-min-1536x947.jpg 1536w, https:\/\/montadordemoveisregiao.com.br\/wp-content\/uploads\/2022\/09\/ferramentas-min-2048x1262.jpg 2048w, https:\/\/montadordemoveisregiao.com.br\/wp-content\/uploads\/2022\/09\/ferramentas-min-2000x1233.jpg 2000w\" sizes=\"auto, (max-width: 1024px) 100vw, 1024px\" \/><\/figure>\n<\/div>\n\n\n\n<div class=\"wp-block-column is-vertically-aligned-center is-layout-flow wp-block-column-is-layout-flow\">\n<h2 class=\"wp-block-heading\">Nossos servi\u00e7os<\/h2>\n\n\n\n<p>Somos especialistas em montagens e desmontagens de todos tipos de m\u00f3veis, como pain\u00e9is, arm\u00e1rios, mesas, guarda-roupas, closets, racks, estantes, ber\u00e7os, camas e etc.<\/p>\n<\/div>\n<\/div>\n<\/div><\/div>\n\n\n\n<div class=\"wp-block-group alignfull has-black-background-color has-background\"><div class=\"wp-block-group__inner-container is-layout-flow wp-block-group-is-layout-flow\">\n<h2 class=\"wp-block-heading has-text-align-center has-white-color has-text-color\"><strong>Galeria<\/strong><\/h2>\n\n\n\n<figure class=\"wp-block-gallery aligncenter has-nested-images columns-default is-cropped wp-block-gallery-1 is-layout-flex wp-block-gallery-is-layout-flex\">\n<figure class=\"wp-block-image size-large\"><img loading=\"lazy\" decoding=\"async\" width=\"1024\" height=\"684\" data-id=\"654\" src=\"https:\/\/montadordemoveisregiao.com.br\/wp-content\/uploads\/2022\/09\/dobradic\u0327a-min-1024x684.jpg\" alt=\"\" class=\"wp-image-654\" srcset=\"https:\/\/montadordemoveisregiao.com.br\/wp-content\/uploads\/2022\/09\/dobradic\u0327a-min-1024x684.jpg 1024w, https:\/\/montadordemoveisregiao.com.br\/wp-content\/uploads\/2022\/09\/dobradic\u0327a-min-300x200.jpg 300w, https:\/\/montadordemoveisregiao.com.br\/wp-content\/uploads\/2022\/09\/dobradic\u0327a-min-768x513.jpg 768w, https:\/\/montadordemoveisregiao.com.br\/wp-content\/uploads\/2022\/09\/dobradic\u0327a-min-1536x1025.jpg 1536w, https:\/\/montadordemoveisregiao.com.br\/wp-content\/uploads\/2022\/09\/dobradic\u0327a-min-2048x1367.jpg 2048w, https:\/\/montadordemoveisregiao.com.br\/wp-content\/uploads\/2022\/09\/dobradic\u0327a-min-2000x1335.jpg 2000w\" sizes=\"auto, (max-width: 1024px) 100vw, 1024px\" \/><\/figure>\n\n\n\n<figure class=\"wp-block-image size-large\"><img loading=\"lazy\" decoding=\"async\" width=\"1024\" height=\"683\" data-id=\"659\" src=\"https:\/\/montadordemoveisregiao.com.br\/wp-content\/uploads\/2022\/09\/parafusadeira-2-min-1024x683.jpg\" alt=\"\" class=\"wp-image-659\" srcset=\"https:\/\/montadordemoveisregiao.com.br\/wp-content\/uploads\/2022\/09\/parafusadeira-2-min-1024x683.jpg 1024w, https:\/\/montadordemoveisregiao.com.br\/wp-content\/uploads\/2022\/09\/parafusadeira-2-min-300x200.jpg 300w, https:\/\/montadordemoveisregiao.com.br\/wp-content\/uploads\/2022\/09\/parafusadeira-2-min-768x512.jpg 768w, https:\/\/montadordemoveisregiao.com.br\/wp-content\/uploads\/2022\/09\/parafusadeira-2-min-1536x1025.jpg 1536w, https:\/\/montadordemoveisregiao.com.br\/wp-content\/uploads\/2022\/09\/parafusadeira-2-min-2048x1366.jpg 2048w, https:\/\/montadordemoveisregiao.com.br\/wp-content\/uploads\/2022\/09\/parafusadeira-2-min-2000x1334.jpg 2000w\" sizes=\"auto, (max-width: 1024px) 100vw, 1024px\" \/><\/figure>\n\n\n\n<figure class=\"wp-block-image size-large\"><img loading=\"lazy\" decoding=\"async\" width=\"1024\" height=\"683\" data-id=\"657\" src=\"https:\/\/montadordemoveisregiao.com.br\/wp-content\/uploads\/2022\/09\/image-min-1024x683.jpg\" alt=\"\" class=\"wp-image-657\" srcset=\"https:\/\/montadordemoveisregiao.com.br\/wp-content\/uploads\/2022\/09\/image-min-1024x683.jpg 1024w, https:\/\/montadordemoveisregiao.com.br\/wp-content\/uploads\/2022\/09\/image-min-300x200.jpg 300w, https:\/\/montadordemoveisregiao.com.br\/wp-content\/uploads\/2022\/09\/image-min-768x512.jpg 768w, https:\/\/montadordemoveisregiao.com.br\/wp-content\/uploads\/2022\/09\/image-min-1536x1024.jpg 1536w, https:\/\/montadordemoveisregiao.com.br\/wp-content\/uploads\/2022\/09\/image-min-2048x1365.jpg 2048w, https:\/\/montadordemoveisregiao.com.br\/wp-content\/uploads\/2022\/09\/image-min-2000x1333.jpg 2000w\" sizes=\"auto, (max-width: 1024px) 100vw, 1024px\" \/><\/figure>\n\n\n\n<figure class=\"wp-block-image size-large\"><img loading=\"lazy\" decoding=\"async\" width=\"1024\" height=\"576\" data-id=\"658\" src=\"https:\/\/montadordemoveisregiao.com.br\/wp-content\/uploads\/2022\/09\/led-min-1024x576.jpg\" alt=\"\" class=\"wp-image-658\" srcset=\"https:\/\/montadordemoveisregiao.com.br\/wp-content\/uploads\/2022\/09\/led-min-1024x576.jpg 1024w, https:\/\/montadordemoveisregiao.com.br\/wp-content\/uploads\/2022\/09\/led-min-300x169.jpg 300w, https:\/\/montadordemoveisregiao.com.br\/wp-content\/uploads\/2022\/09\/led-min-768x432.jpg 768w, https:\/\/montadordemoveisregiao.com.br\/wp-content\/uploads\/2022\/09\/led-min-1536x864.jpg 1536w, https:\/\/montadordemoveisregiao.com.br\/wp-content\/uploads\/2022\/09\/led-min-2048x1152.jpg 2048w, https:\/\/montadordemoveisregiao.com.br\/wp-content\/uploads\/2022\/09\/led-min-2000x1125.jpg 2000w\" sizes=\"auto, (max-width: 1024px) 100vw, 1024px\" \/><\/figure>\n<\/figure>\n<\/div><\/div>\n\n\n\n<div class=\"wp-block-group alignfull has-white-background-color has-background\"><div class=\"wp-block-group__inner-container is-layout-flow wp-block-group-is-layout-flow\">\n<h2 class=\"wp-block-heading has-text-align-center has-text-color\" style=\"color:#3b81bf\"><strong>Solicite j\u00e1 seu or\u00e7amento e tenha um r\u00e1pido atendimento na sua regi\u00e3o<\/strong><\/h2>\n\n\n\n<div style=\"height:61px\" aria-hidden=\"true\" class=\"wp-block-spacer\"><\/div>\n\n\n<ul class=\"wp-block-page-list\"><li class=\"wp-block-pages-list__item menu-item-home\"><a class=\"wp-block-pages-list__item__link\" href=\"https:\/\/montadordemoveisregiao.com.br\/\">(13) 99707-0168, (11) 91125-0357 e (12) 99676-8358<\/a><\/li><\/ul><\/div><\/div>\n\n\n\n<div class=\"wp-block-cover alignfull is-position-center-center\" style=\"min-height:453px;aspect-ratio:unset;\"><img loading=\"lazy\" decoding=\"async\" width=\"2560\" height=\"1440\" class=\"wp-block-cover__image-background wp-image-658\" alt=\"\" src=\"https:\/\/montadordemoveisregiao.com.br\/wp-content\/uploads\/2022\/09\/led-min-scaled.jpg\" data-object-fit=\"cover\" srcset=\"https:\/\/montadordemoveisregiao.com.br\/wp-content\/uploads\/2022\/09\/led-min-scaled.jpg 2560w, https:\/\/montadordemoveisregiao.com.br\/wp-content\/uploads\/2022\/09\/led-min-300x169.jpg 300w, https:\/\/montadordemoveisregiao.com.br\/wp-content\/uploads\/2022\/09\/led-min-1024x576.jpg 1024w, https:\/\/montadordemoveisregiao.com.br\/wp-content\/uploads\/2022\/09\/led-min-768x432.jpg 768w, https:\/\/montadordemoveisregiao.com.br\/wp-content\/uploads\/2022\/09\/led-min-1536x864.jpg 1536w, https:\/\/montadordemoveisregiao.com.br\/wp-content\/uploads\/2022\/09\/led-min-2048x1152.jpg 2048w, https:\/\/montadordemoveisregiao.com.br\/wp-content\/uploads\/2022\/09\/led-min-2000x1125.jpg 2000w\" sizes=\"auto, (max-width: 2560px) 100vw, 2560px\" \/><span aria-hidden=\"true\" class=\"wp-block-cover__background has-black-background-color has-background-dim-40 has-background-dim\"><\/span><div class=\"wp-block-cover__inner-container is-layout-flow wp-block-cover-is-layout-flow\">\n<p class=\"has-text-align-center has-text-color has-huge-font-size\" style=\"color:#fffffa;line-height:1.1\"><strong>Montador de M\u00f3veis Sempre Dispon\u00edvel. Compare Nossos Pre\u00e7os<\/strong>.<\/p>\n\n\n\n<p style=\"color:#fffffa;line-height:1.1\" class=\"has-text-align-center\">Atendemos todos os clientes pr\u00f3ximos \u00e0s esta\u00e7\u00f5es de metr\u00f4, trem , monotrilho e terminais de \u00f4nibus<\/p>\n\n\n\n<div class=\"wp-block-buttons is-horizontal is-content-justification-center is-layout-flex wp-container-core-buttons-is-layout-499968f5 wp-block-buttons-is-layout-flex\">\n<div class=\"wp-block-button is-style-outline is-style-outline--2\"><a class=\"wp-block-button__link has-white-color has-text-color wp-element-button\" href=\"https:\/\/api.whatsapp.com\/send?phone=5511966543781&amp;text=Ol%C3%A1,+gostaria+de+um+or%C3%A7amento+para+meu+m%C3%B3vel+:)\" rel=\"noreferrer noopener\">Pe\u00e7a aqui seu or\u00e7amento<\/a><\/div>\n<\/div>\n<\/div><\/div>\n","protected":false},"excerpt":{"rendered":"<p>Atendemos toda regi\u00e3o Metropolitana e outros Munic\u00edpios de S\u00e3o Paulo. Dispon\u00edvel a atender nossos clientes a qualquer momento, de acordo com suas necessidades e acima de tudo com um servi\u00e7o de qualidade.Fazemos montagem e desmontagem de quiosque em shopping e supermercadosFazemos montagem de m\u00f3veis das marcas abaixo M\u00f3veis Kappesberg, M\u00f3veis Santos Andir\u00e1, M\u00f3veis Henn, M\u00f3veis &hellip; <\/p>\n<p class=\"link-more\"><a href=\"https:\/\/montadordemoveisregiao.com.br\/\" class=\"more-link\">Leia mais<span class=\"screen-reader-text\"> &#8220;(13) 99707-0168, (11) 91125-0357 e (12) 99676-8358&#8221;<\/span><\/a><\/p>\n","protected":false},"author":1,"featured_media":0,"parent":0,"menu_order":0,"comment_status":"closed","ping_status":"closed","template":"","meta":{"footnotes":""},"class_list":["post-6","page","type-page","status-publish","hentry"],"aioseo_notices":[],"_links":{"self":[{"href":"https:\/\/montadordemoveisregiao.com.br\/index.php?rest_route=\/wp\/v2\/pages\/6","targetHints":{"allow":["GET"]}}],"collection":[{"href":"https:\/\/montadordemoveisregiao.com.br\/index.php?rest_route=\/wp\/v2\/pages"}],"about":[{"href":"https:\/\/montadordemoveisregiao.com.br\/index.php?rest_route=\/wp\/v2\/types\/page"}],"author":[{"embeddable":true,"href":"https:\/\/montadordemoveisregiao.com.br\/index.php?rest_route=\/wp\/v2\/users\/1"}],"replies":[{"embeddable":true,"href":"https:\/\/montadordemoveisregiao.com.br\/index.php?rest_route=%2Fwp%2Fv2%2Fcomments&post=6"}],"version-history":[{"count":48,"href":"https:\/\/montadordemoveisregiao.com.br\/index.php?rest_route=\/wp\/v2\/pages\/6\/revisions"}],"predecessor-version":[{"id":1941,"href":"https:\/\/montadordemoveisregiao.com.br\/index.php?rest_route=\/wp\/v2\/pages\/6\/revisions\/1941"}],"wp:attachment":[{"href":"https:\/\/montadordemoveisregiao.com.br\/index.php?rest_route=%2Fwp%2Fv2%2Fmedia&parent=6"}],"curies":[{"name":"wp","href":"https:\/\/api.w.org\/{rel}","templated":true}]}}